{"id":2,"date":"2013-02-13T21:54:49","date_gmt":"2013-02-13T21:54:49","guid":{"rendered":"http:\/\/corneliaschmidt.com\/?page_id=2"},"modified":"2014-01-17T08:33:26","modified_gmt":"2014-01-17T08:33:26","slug":"sample-page","status":"publish","type":"page","link":"https:\/\/corneliaschmidt.com\/?page_id=2","title":{"rendered":"<!--:de-->Profil<!--:--><!--:en-->About me<!--:--><!--:es-->Profil<!--:-->"},"content":{"rendered":"<p><!--:de--><\/p>\n<p style=\"text-align: center;\"><img loading=\"lazy\" decoding=\"async\" class=\" wp-image-176 aligncenter\" alt=\"Profil\" src=\"http:\/\/corneliaschmidt.com\/wp-content\/uploads\/2013\/02\/Profil.png\" width=\"173\" height=\"87\" srcset=\"https:\/\/corneliaschmidt.com\/wp-content\/uploads\/2013\/02\/Profil.png 249w, https:\/\/corneliaschmidt.com\/wp-content\/uploads\/2013\/02\/Profil-240x120.png 240w\" sizes=\"auto, (max-width: 173px) 100vw, 173px\" \/><\/p>\n<p><span style=\"color: #414141;\">Schon als Kind faszinierten mich die verschiedenen Fremdsprachen, welche andernorts gesprochen wurden. Wie gern h\u00e4tte ich auch einfach verstanden und nicht nur beobachtet und auf den Klang gelauscht. Nach einem einj\u00e4hrigen Aufenthalt in den USA hatte ich schlie\u00dflich die Entscheidung getroffen: Ich wollte Dolmetscherin werden.<\/span><\/p>\n<p><span style=\"color: #414141;\">Nach dem Abschluss des Dolmetscherstudiums nahm ich meine Arbeit als freiberufliche Dolmetscherin in Madrid, Spanien auf und verbrachte dort drei bereichernde Jahre. Inzwischen lebe ich wieder in Deutschland und arbeite hier mit den Sprachen Englisch und Spanisch sowie meiner Muttersprache Deutsch.<\/span><\/p>\n<p><span style=\"color: #414141;\">Die Begeisterung f\u00fcr meinen Beruf hat sich seit der Aufnahme meiner T\u00e4tigkeit nicht ver\u00e4ndert. Die best\u00e4ndige Neugier auf neue Herausforderungen, ein rasches Hineindenken in die unterschiedlichsten Situationen und die intensive Einarbeitung in das jeweilige Thema und die Ziele des Vortraghaltenden geh\u00f6ren zu meiner t\u00e4glichen Arbeit, mit dem Ziel, diese Begeisterung an die Zuh\u00f6rer weiterzugeben.<\/span><\/p>\n<p><strong><span style=\"color: #3aaded;\">Einige kurze Eckdaten<\/span><\/strong><\/p>\n<p><span style=\"color: #414141;\">seit 2007 Freiberufliche Konferenzdolmetscherin und \u00dcbersetzerin<\/span><\/p>\n<p><span style=\"color: #414141;\">2012 Allgemeinbeeidigung f\u00fcr die englische und spanische Sprache f\u00fcr die\u00a0Berliner Gerichte und Notare<\/span><\/p>\n<p><span style=\"color: #414141;\">2007 \u2013 2010 Freiberufliche T\u00e4tigkeit in Madrid, Spanien<\/span><\/p>\n<p><em id=\"__mceDel\"><span style=\"color: #414141;\">2007\/08 6-monatiger Vertiefungslehrgang im Bereich Simultandolmetschen<\/span><\/em><\/p>\n<p><em id=\"__mceDel\"><em id=\"__mceDel\"><em id=\"__mceDel\"><em id=\"__mceDel\"><span style=\"color: #414141;\">2007 Abschluss als Diplom-Dolmetscherin f\u00fcr die Sprachen Englisch,\u00a0<\/span><span style=\"color: #414141;\">Franz\u00f6sisch und Spanisch<\/span><\/em><\/em><\/em><\/em><\/p>\n<p><em id=\"__mceDel\"><em id=\"__mceDel\"><em id=\"__mceDel\"><em id=\"__mceDel\"><em id=\"__mceDel\"><span style=\"color: #414141;\">2001\/2002 1j\u00e4hriges Studium an der Universit\u00e9 Paul Val\u00e9ry III, Montpellier,\u00a0<\/span><span style=\"color: #414141;\">Frankreich<\/span><\/em><\/em><\/em><\/em><\/em><!--:--><!--:en--><\/p>\n<p style=\"text-align: center;\"><a href=\"http:\/\/corneliaschmidt.com\/wp-content\/uploads\/2013\/02\/About_me.png\"><img loading=\"lazy\" decoding=\"async\" class=\" wp-image-538 aligncenter\" alt=\"About_me\" src=\"http:\/\/corneliaschmidt.com\/wp-content\/uploads\/2013\/02\/About_me.png\" width=\"270\" height=\"88\" srcset=\"https:\/\/corneliaschmidt.com\/wp-content\/uploads\/2013\/02\/About_me.png 385w, https:\/\/corneliaschmidt.com\/wp-content\/uploads\/2013\/02\/About_me-300x97.png 300w, https:\/\/corneliaschmidt.com\/wp-content\/uploads\/2013\/02\/About_me-240x77.png 240w\" sizes=\"auto, (max-width: 270px) 100vw, 270px\" \/><\/a><\/p>\n<p><span style=\"color: #333333;\">While still a child I became fascinated with foreign languages. How I would have liked to understand and not only observe and listen to the sounds. Fueled by multiple stays abroad and by a deepening involvement with other languages, I decided to become an interpreter and translator by trade.<\/span><\/p>\n<p><span style=\"color: #333333;\">After earning my degree in interpreting, I spent three invaluable years as a freelancer in Madrid. Now I am back in Germany, where I work in English and Spanish as well as in my native language \u2013 German.<\/span><\/p>\n<p><span style=\"color: #333333;\">My enthusiastic engagement for the job is as great today as it was when I began. My goal is to transmit this engagement to my listeners and keep it alive by constantly seeking out new challenges, by rapidly immersing myself in unfamiliar situations, and by preparing myself carefully for the topics and objectives of my clients.<\/span><\/p>\n<p><span style=\"color: #4c4c4c;\">\u00a0<\/span><\/p>\n<p><span style=\"color: #00aeef;\">Resume in brief<\/span><\/p>\n<p><span style=\"color: #333333;\">Since 2007 Freelance conference interpreter and translator<\/span><\/p>\n<p><span style=\"color: #333333;\">2012 Sworn English and Spanish interpreter for the Courts and Notaries of Berlin<\/span><\/p>\n<p><span style=\"color: #333333;\">2007 \u2013 2010 Freelance work in Madrid, Spain<\/span><\/p>\n<p><span style=\"color: #333333;\">2007 \u2013 2008 Six-month advanced study in simultaneous interpreting<\/span><\/p>\n<p><span style=\"color: #333333;\">2007 Received degree in English, French, and Spanish interpreting<\/span><\/p>\n<p><span style=\"color: #333333;\">2001 \u2013 2002 One-year study at Paul Val\u00e9ry University, Montpellier, France<\/span><!--:--><!--:es--><\/p>\n<p style=\"text-align: center;\"><img loading=\"lazy\" decoding=\"async\" class=\" wp-image-176 aligncenter\" alt=\"Profil\" src=\"http:\/\/corneliaschmidt.com\/wp-content\/uploads\/2013\/02\/Profil.png\" width=\"173\" height=\"87\" srcset=\"https:\/\/corneliaschmidt.com\/wp-content\/uploads\/2013\/02\/Profil.png 249w, https:\/\/corneliaschmidt.com\/wp-content\/uploads\/2013\/02\/Profil-240x120.png 240w\" sizes=\"auto, (max-width: 173px) 100vw, 173px\" \/><\/p>\n<p><span style=\"color: #676767;\">Schon als Kind faszinierten mich die verschiedenen Fremdsprachen, welche andernorts gesprochen wurden. Wie gern h\u00e4tte ich auch einfach verstanden und nicht nur beobachtet und auf den Klang gelauscht. Nach einem einj\u00e4hrigen Aufenthalt in den USA hatte ich schlie\u00dflich die Entscheidung getroffen: Ich wollte Dolmetscherin werden.<\/span><\/p>\n<p><span style=\"color: #676767;\">Nach dem Abschluss des Dolmetscherstudiums nahm ich meine Arbeit als freiberufliche Dolmetscherin in Madrid, Spanien auf und verbrachte dort drei bereichernde Jahre. Inzwischen lebe ich wieder in Deutschland und arbeite hier mit den Sprachen Englisch und Spanisch sowie meiner Muttersprache Deutsch.<\/span><\/p>\n<p><span style=\"color: #676767;\">Die Begeisterung f\u00fcr meinen Beruf hat sich seit der Aufnahme meiner T\u00e4tigkeit nicht ver\u00e4ndert. Die best\u00e4ndige Neugier auf neue Herausforderungen, ein rasches Hineindenken in die unterschiedlichsten Situationen und die intensive Einarbeitung in das jeweilige Thema und die Ziele des Vortraghaltenden geh\u00f6ren zu meiner t\u00e4glichen Arbeit, mit dem Ziel, diese Begeisterung an die Zuh\u00f6rer weiterzugeben.<\/span><\/p>\n<p><span style=\"color: #676767;\">\u00a0<\/span><\/p>\n<p><span style=\"color: #676767;\"><i>Einige kurze Eckdaten<\/i><\/span><\/p>\n<p><span style=\"color: #676767;\">seit 2007 Freiberufliche Konferenzdolmetscherin und \u00dcbersetzerin<\/span><\/p>\n<p><span style=\"color: #676767;\">2012 Allgemeinbeeidigung f\u00fcr die englische und spanische Sprache f\u00fcr die Berliner Gerichte und Notare<\/span><\/p>\n<p><span style=\"color: #676767;\">2007 \u2013 2010 Freiberufliche T\u00e4tigkeit in Madrid, Spanien<\/span><\/p>\n<p><span style=\"color: #676767;\">2007\/08 6-monatiger Vertiefungslehrgang im Bereich Simultandolmetschen<\/span><\/p>\n<p><span style=\"color: #676767;\">2007 Abschluss als Diplom-Dolmetscherin f\u00fcr die Sprachen Englisch, Franz\u00f6sisch und Spanisch<\/span><\/p>\n<p><span style=\"color: #676767;\">2001\/2002 1j\u00e4hriges Studium an der Universit\u00e9 Paul Val\u00e9ry III, Montpellier, Frankreich<\/span><!--:--><\/p>\n","protected":false},"excerpt":{"rendered":"<p>Schon als Kind faszinierten mich die verschiedenen Fremdsprachen, welche andernorts gesprochen wurden. Wie gern h\u00e4tte ich auch einfach verstanden und nicht nur beobachtet und auf den Klang gelauscht. Nach einem einj\u00e4hrigen Aufenthalt in den USA hatte ich schlie\u00dflich die Entscheidung getroffen: Ich wollte Dolmetscherin werden. Nach dem Abschluss des Dolmetscherstudiums nahm ich meine Arbeit als [&hellip;]<\/p>\n","protected":false},"author":1,"featured_media":22,"parent":0,"menu_order":0,"comment_status":"open","ping_status":"open","template":"","meta":{"footnotes":""},"class_list":["post-2","page","type-page","status-publish","has-post-thumbnail","hentry"],"_links":{"self":[{"href":"https:\/\/corneliaschmidt.com\/index.php?rest_route=\/wp\/v2\/pages\/2","targetHints":{"allow":["GET"]}}],"collection":[{"href":"https:\/\/corneliaschmidt.com\/index.php?rest_route=\/wp\/v2\/pages"}],"about":[{"href":"https:\/\/corneliaschmidt.com\/index.php?rest_route=\/wp\/v2\/types\/page"}],"author":[{"embeddable":true,"href":"https:\/\/corneliaschmidt.com\/index.php?rest_route=\/wp\/v2\/users\/1"}],"replies":[{"embeddable":true,"href":"https:\/\/corneliaschmidt.com\/index.php?rest_route=%2Fwp%2Fv2%2Fcomments&post=2"}],"version-history":[{"count":75,"href":"https:\/\/corneliaschmidt.com\/index.php?rest_route=\/wp\/v2\/pages\/2\/revisions"}],"predecessor-version":[{"id":570,"href":"https:\/\/corneliaschmidt.com\/index.php?rest_route=\/wp\/v2\/pages\/2\/revisions\/570"}],"wp:featuredmedia":[{"embeddable":true,"href":"https:\/\/corneliaschmidt.com\/index.php?rest_route=\/wp\/v2\/media\/22"}],"wp:attachment":[{"href":"https:\/\/corneliaschmidt.com\/index.php?rest_route=%2Fwp%2Fv2%2Fmedia&parent=2"}],"curies":[{"name":"wp","href":"https:\/\/api.w.org\/{rel}","templated":true}]}}